{"id":2327,"date":"2025-05-02T15:17:03","date_gmt":"2025-05-02T13:17:03","guid":{"rendered":"https:\/\/www.familienzelt-berlin.de\/contact\/"},"modified":"2025-08-14T14:59:18","modified_gmt":"2025-08-14T12:59:18","slug":"contact","status":"publish","type":"page","link":"https:\/\/www.familienzelt-berlin.de\/en\/contact\/","title":{"rendered":"Contact"},"content":{"rendered":"<h3 class=\"wp-block-heading\">Would You like to Donate to our Association?<\/h3><p>A donation supports the work of our organisation.<br\/>We are happy about any amount you donate to our organisation Selbstbestimmte Geburt und Familie! You can make your donation tax-deductible. <\/p><div class=\"wp-block-buttons is-layout-flex wp-block-buttons-is-layout-flex\"><div class=\"wp-block-button\"><a class=\"wp-block-button__link\">Donate now<\/a><\/div><\/div><div class=\"wp-block-buttons is-layout-flex wp-block-buttons-is-layout-flex\"><div class=\"wp-block-button\"><a class=\"wp-block-button__link\">Contact<\/a><\/div><\/div><div class=\"wp-block-buttons is-layout-flex wp-block-buttons-is-layout-flex\"><div class=\"wp-block-button\"><a class=\"wp-block-button__link\">Offers<\/a><\/div><\/div><p>To register for a consultation, group, or course, or to inquire about details, you can reach us<\/p>\n<p>per E-Mail : info@familienzelt.berlin<br\/>pers\u00f6nlich: Sch\u00f6nflie\u00dfer Str. 17, 10439 Berlin, Prenzlauer Berg<br\/>telefonisch: <a href=\"tel:+49303223071\">030 &#8211; 32 23 071<\/a><br\/>(Erreichbarkeit: Montag, Mittwoch, Freitag 10-13 Uhr, Dienstag 13-17 Uhr)<\/p><div class=\"wp-block-buttons is-layout-flex wp-block-buttons-is-layout-flex\"><div class=\"wp-block-button\"><a class=\"wp-block-button__link\">Send email<\/a><\/div><\/div><p>The &#8220;Familienzelt\u201c is run by the non-profit organisation Selbstbestimmte Geburt und Familie. We are a member of the Parit\u00e4tische Wohlfahrtsverband. &#8220;Familienzelt\u201c is funded by the Integrated Health and Care Programme (IGPP) of the State of Berlin.  <\/p>\n<p>\u00a0<\/p><h3 class=\"wp-block-heading\">Would you like to become a member of our association?<\/h3><p>New members are very welcome in our association.<br\/>Our annual membership fee of \u20ac30.00 is tax-deductible. You can find the membership application form <a href=\"https:\/\/beratungsstelle-familienzelt-berlin.de\/wp-content\/uploads\/2025\/05\/selbstbestimmte-geburt-und-familie-beitrittserklaerung.pdf\" target=\"_blank\" rel=\"noopener\">here.<\/a> Please transfer the membership fee to: <\/p><p>Selbstbestimmte Geburt und Familie e.V.<br\/>SozialBank<br\/>IBAN: DE74 3702 0500 0003 1187 08<br\/>BIC: BFSWDE33XXX<br\/>Purpose: Annual membership fee + name<\/p><p>You can use the donation button or our bank details:<\/p>\n<p>Selbstbestimmte Geburt und Familie e. V.<br\/>SozialBank<br\/>IBAN: DE74 3702 0500 0003 1187 08<br\/>BIC: BFSWDE33XXX<\/p>\n<p>Would you like to find out more about data protection when donating online? You can find this information in the last section of our <a href=\"https:\/\/beratungsstelle-familienzelt-berlin.de\/datenschutzerklaerung\/\" target=\"_blank\" rel=\"noopener\">privacy policy<\/a> on our website. <\/p><h3 class=\"wp-block-heading\">How to reach us<\/h3><p>The &#8220;Familienzelt\u201c counselling centre is conveniently located in Prenzlauer Berg on Arnimplatz.<br\/>You can reach us via the S-Bahn and U-Bahn Sch\u00f6nhauser Allee and by tram 50, M1 and M13.<\/p>\n<p>Our course, group and counselling rooms are at ground level, but are not barrier-free. The counselling centre has weather-protected storage rooms for your pushchair. <\/p>","protected":false},"excerpt":{"rendered":"<p>Would You like to Donate to our Association? A donation supports the work of our organisation.We are happy about any amount you donate to our organisation Selbstbestimmte Geburt und Familie! You can make your donation tax-deductible. To register for a consultation, group, or course, or to inquire about details, you can reach us per E-Mail [&hellip;]<\/p>\n","protected":false},"author":2,"featured_media":0,"parent":0,"menu_order":0,"comment_status":"closed","ping_status":"closed","template":"","meta":{"_acf_changed":false,"footnotes":""},"class_list":["post-2327","page","type-page","status-publish","hentry"],"acf":[],"_links":{"self":[{"href":"https:\/\/www.familienzelt-berlin.de\/en\/wp-json\/wp\/v2\/pages\/2327","targetHints":{"allow":["GET"]}}],"collection":[{"href":"https:\/\/www.familienzelt-berlin.de\/en\/wp-json\/wp\/v2\/pages"}],"about":[{"href":"https:\/\/www.familienzelt-berlin.de\/en\/wp-json\/wp\/v2\/types\/page"}],"author":[{"embeddable":true,"href":"https:\/\/www.familienzelt-berlin.de\/en\/wp-json\/wp\/v2\/users\/2"}],"replies":[{"embeddable":true,"href":"https:\/\/www.familienzelt-berlin.de\/en\/wp-json\/wp\/v2\/comments?post=2327"}],"version-history":[{"count":2,"href":"https:\/\/www.familienzelt-berlin.de\/en\/wp-json\/wp\/v2\/pages\/2327\/revisions"}],"predecessor-version":[{"id":2499,"href":"https:\/\/www.familienzelt-berlin.de\/en\/wp-json\/wp\/v2\/pages\/2327\/revisions\/2499"}],"wp:attachment":[{"href":"https:\/\/www.familienzelt-berlin.de\/en\/wp-json\/wp\/v2\/media?parent=2327"}],"curies":[{"name":"wp","href":"https:\/\/api.w.org\/{rel}","templated":true}]}}